{"id":2459,"date":"2024-04-22T14:07:28","date_gmt":"2024-04-22T14:07:28","guid":{"rendered":"https:\/\/lemonlawlawyer.com\/?page_id=2459"},"modified":"2024-04-22T21:01:41","modified_gmt":"2024-04-22T21:01:41","slug":"thank-you-calculator","status":"publish","type":"page","link":"https:\/\/lemonlawlawyer.com\/es\/thank-you-calculator\/","title":{"rendered":"Gracias con la calculadora"},"content":{"rendered":"<h1>Gracias<\/h1>\n<h1>Gracias por contactar a Lemon Law Lawyer Group<span>!<br \/><\/span><br \/>\nLe enviaremos una respuesta inmediata y nuestro equipo se pondr\u00e1 en contacto con usted de inmediato para hablar sobre el tema. \u00a1Estamos en ello!<\/h1>\n<div>\n<p>    <script>\n  window.dataLayer = window.dataLayer || [];\n  window.dataLayer.push({\n    'event':'form_complete',\n    'enhanced_conversion_data': {\n      \"email\": \"\",\n      }\n    }\n  });\n<\/script>\n<\/div>\n<p>\n    <a href=\"tel:+18882912055\">LLAMA AHORA <span class=\"mobile-shorten\">PARA UNA EVALUACI\u00d3N DE CASO GRATUITA<\/span><\/a>\n<\/p>\n<h1>CALCULE SU REEMBOLSO<\/h1>\n<div><div class=\"formbox-wrapper\"><form action=\"https:\/\/lemonlawlawyer.com\/es\/thank-you-calculator\/\" name=\"formbox\" class=\"formbox formbox-1\" id=\"calculator_1\" data-trp-original-action=\"https:\/\/lemonlawlawyer.com\/es\/thank-you-calculator\/\">\n\t\t\t\t\t\t\t\t\t\t\n\t\t\t\t\t\t\t\t\t\t\n\t\t\t\t\t\t\t\t\t\t\n\t\t\t\t\t\t\t\t\t\t\n\t\t\t\t\t\t\t\t\t\t\t\t\t\t\t\t\t\t\t<fieldset class=\"formbox__container clculator-select\"><div class=\"formbox__title\">A\u00f1o del veh\u00edculo<\/div><div class=\"formbox__body\"><div class=\"formbox__field\" style=\"box-shadow: none\"><label class=\"formbox__field-lable\" for=\"formbox-field-1\">A\u00f1o del veh\u00edculo<\/label><select class=\"formbox__field-select\" name=\"formbox-field-1\" id=\"formbox-field-1\"><option value=\"0\">A\u00f1o del veh\u00edculo<\/option><option value=\"1\">2024<\/option><option value=\"2\">2023<\/option><option value=\"3\">2022<\/option><option value=\"4\">2021<\/option><option value=\"5\">2020<\/option><option value=\"6\">2019<\/option><option value=\"7\">2018 o mayor<\/option><\/select><\/div><\/div> <\/fieldset><fieldset class=\"formbox__container\"><div class=\"formbox__title\">Precio<\/div><div class=\"formbox__body\"><div class=\"formbox__field has-addon is-left\" style=\"box-shadow: none\"><span class=\"formbox__field-addon\">$<\/span><label class=\"formbox__field-lable\" for=\"formbox-field-2\">Precio<\/label><input type=\"number\" class=\"formbox__field-input\" value=\"\" step=\"1\" min=\"0\" required=\"\" placeholder=\"Precio pagado por su veh\u00edculo\" name=\"formbox-field-2\" id=\"formbox-field-2\"><\/div><\/div> <\/fieldset><fieldset class=\"formbox__container\"><div class=\"formbox__title\" style=\"box-shadow: none\">Kilometraje<\/div><div class=\"formbox__body\"><div class=\"formbox__field\" style=\"box-shadow: none\"><label class=\"formbox__field-lable\" for=\"formbox-field-3\">Kilometraje<\/label><input type=\"number\" class=\"formbox__field-input\" value=\"\" step=\"1\" min=\"0\" required=\"\" placeholder=\"\u00bfCu\u00e1ntos kil\u00f3metros tiene tu coche?\" name=\"formbox-field-3\" id=\"formbox-field-3\"><\/div><\/div> <\/fieldset><fieldset class=\"formbox__container calculator-submit\"><div class=\"formbox__title\">Estimar<\/div><div class=\"formbox__body\"><div class=\"formbox__btn\"><button class=\"formbox__btn-calc\">Calcular mi estimaci\u00f3n de reembolso<\/button><button type=\"reset\" class=\"formbox__btn-reset\">Reiniciar<\/button><\/div><\/div> <\/fieldset><fieldset class=\"formbox__container has-result is-hidden calculator-result\"><div class=\"formbox__title\">Estimaci\u00f3n de su reembolso<\/div><div class=\"formbox__body\"><div class=\"formbox__field is-result\"><label class=\"formbox__field-lable\" for=\"formbox-field-4\">Estimaci\u00f3n de su reembolso<\/label><input type=\"text\" class=\"formbox__field-result\" readonly=\"\" name=\"formbox-field-4\" id=\"formbox-field-4\"><\/div><\/div> <\/fieldset>\t\t\t\t\t\t\t\t\t\t\t\t\t\t\t\t\t\t\t\t\t\t\t\t\t\t\t\t\t\t\t\t\t\t\t\t<input type=\"hidden\" class=\"calc-only-click\"><input type=\"hidden\" class=\"calc-not-change\"><input type=\"hidden\" name=\"trp-form-language\" value=\"es\"\/><\/form><\/div><\/div>\n<div>Esta no es una relaci\u00f3n abogado-cliente y no es una garant\u00eda de resultados. Los resultados pueden variar seg\u00fan la situaci\u00f3n y con una multitud de variables. Se aplican t\u00e9rminos y condiciones.<\/div>\n<p><!--more--><br \/>\n<!-- {\"type\":\"layout\",\"children\":[{\"type\":\"section\",\"props\":{\"height_offset_top\":true,\"image\":\"\\\/wp-content\\\/uploads\\\/home-yellow.jpg\",\"image_position\":\"center-center\",\"image_size\":\"cover\",\"style\":\"default\",\"text_color\":\"dark\",\"title_breakpoint\":\"xl\",\"title_position\":\"top-left\",\"title_rotation\":\"left\",\"vertical_align\":\"middle\",\"width\":\"\"},\"children\":[{\"type\":\"row\",\"children\":[{\"type\":\"column\",\"props\":{\"image_position\":\"center-center\",\"position_sticky_breakpoint\":\"m\"},\"children\":[{\"type\":\"headline\",\"props\":{\"class\":\"registered-trademark yellow-scribble navyish\",\"content\":\"Thank You\",\"margin_remove_bottom\":true,\"position\":\"relative\",\"position_top\":\"-30\",\"text_align\":\"center\",\"title_element\":\"h1\",\"title_style\":\"heading-large\"}}]}]},{\"type\":\"row\",\"props\":{\"layout\":\"1-2,1-2\",\"width\":\"large\"},\"children\":[{\"type\":\"column\",\"props\":{\"image_position\":\"center-center\",\"position_sticky_breakpoint\":\"m\",\"width_medium\":\"1-2\"},\"children\":[{\"type\":\"headline\",\"props\":{\"block_align\":\"center\",\"class\":\"hero-braggin\",\"content\":\"Thank you for contacting Lemon Law Lawyer Group<span>!<br \\\/><\\\/span>\\nWe will send an immediate response to [URLParam param=\\\"email\\\"] and our team will be calling you immediately to discuss. We are on it!\",\"margin_remove_top\":true,\"maxwidth\":\"xlarge\",\"text_align\":\"center\",\"title_element\":\"h1\",\"title_style\":\"h3\"}},{\"type\":\"html\",\"props\":{\"content\":\"<script>\\n  window.dataLayer = window.dataLayer || [];\\n  window.dataLayer.push({\\n    'event':'form_complete',\\n    'enhanced_conversion_data': {\\n      \\\"email\\\": \\\"[URLParam param=\\\"email\\\"]\\\",\\n      }\\n    }\\n  });\\n<\\\/script>\"}},{\"type\":\"button\",\"props\":{\"button_size\":\"large\",\"css\":\"@media (max-width: 639px) {\\n    .el-item a {min-width: 203px;}\\n}\",\"grid_column_gap\":\"small\",\"grid_row_gap\":\"small\",\"margin\":\"medium\",\"position\":\"relative\",\"position_z_index\":\"3\",\"text_align\":\"center\"},\"children\":[{\"type\":\"button_item\",\"props\":{\"button_style\":\"primary\",\"content\":\"CALL NOW <span class=\\\"mobile-shorten\\\">FOR A FREE CASE EVALUATION<\\\/span>\",\"icon\":\"receiver\",\"icon_align\":\"left\",\"link\":\"tel:+18882912055\"}}]}]},{\"type\":\"column\",\"props\":{\"class\":\"thanks-calculator\",\"image\":\"\\\/wp-content\\\/uploads\\\/yootheme\\\/home-cta-02.svg\",\"image_position\":\"top-left\",\"image_size\":\"contain\",\"image_width\":\"100px\",\"position_sticky_breakpoint\":\"m\",\"style\":\"card-primary\",\"width_medium\":\"1-2\"},\"children\":[{\"type\":\"headline\",\"props\":{\"class\":\"yellowish\",\"content\":\"ESTIMATE YOUR REFUND\",\"text_align\":\"center\",\"title_element\":\"h1\"}},{\"type\":\"text\",\"props\":{\"column_breakpoint\":\"m\",\"content\":\"[Calculator id='1']\",\"margin\":\"default\"}}]}]},{\"type\":\"row\",\"children\":[{\"type\":\"column\",\"props\":{\"image_position\":\"center-center\",\"position_sticky_breakpoint\":\"m\"},\"children\":[{\"type\":\"text\",\"props\":{\"column_breakpoint\":\"m\",\"content\":\"This is not an attorney-client relationship and not a guarantee of outcome. Results may vary per situation and with a multitude of variables. Terms and conditions apply.\",\"margin\":\"default\",\"text_align\":\"center\"}}]}]}],\"name\":\"Home Hero\"}],\"version\":\"4.3.12\"} --><\/p>","protected":false},"excerpt":{"rendered":"<p>Gracias \u00a1Gracias por contactar a Lemon Law Lawyer Group! Le enviaremos una respuesta inmediata y nuestro equipo lo llamar\u00e1 de inmediato para hablar sobre el tema. \u00a1Estamos en eso! LLAME AHORA PARA UNA EVALUACI\u00d3N GRATUITA DE SU CASO CALCULE SU REEMBOLSO Esta no es una relaci\u00f3n abogado-cliente y no es una garant\u00eda de resultados. Los resultados pueden [\u2026]<\/p>","protected":false},"author":1,"featured_media":0,"parent":0,"menu_order":0,"comment_status":"closed","ping_status":"closed","template":"","meta":{"_acf_changed":false,"_monsterinsights_skip_tracking":false,"_monsterinsights_sitenote_active":false,"_monsterinsights_sitenote_note":"","_monsterinsights_sitenote_category":0,"footnotes":""},"class_list":["post-2459","page","type-page","status-publish","hentry"],"acf":[],"aioseo_notices":[],"aioseo_head":"\n\t\t<!-- All in One SEO Pro 4.9.2 - aioseo.com -->\n\t<meta name=\"description\" content=\"Thank You Thank you for contacting Lemon Law Lawyer Group! We will send an immediate response to and our team will be calling you immediately to discuss. We are on it! CALL NOW FOR A FREE CASE EVALUATION ESTIMATE YOUR REFUND This is not an attorney-client relationship and not a guarantee of outcome. Results may\" \/>\n\t<meta name=\"robots\" content=\"max-image-preview:large\" \/>\n\t<meta name=\"google-site-verification\" content=\"tW2vcswI-MmX7FXV6irXYVhHuPwUd8AE47bVobeL5-E\" \/>\n\t<link rel=\"canonical\" href=\"https:\/\/lemonlawlawyer.com\/es\/thank-you-calculator\/\" \/>\n\t<meta name=\"generator\" content=\"All in One SEO Pro (AIOSEO) 4.9.2\" \/>\n\t\t<meta property=\"og:locale\" content=\"es_MX\" \/>\n\t\t<meta property=\"og:site_name\" content=\"Lemon Law Lawyer - Sour deal? Sweet justice. Lemon Law Lawyers at your service.\" \/>\n\t\t<meta property=\"og:type\" content=\"article\" \/>\n\t\t<meta property=\"og:title\" content=\"Thank You w Calculator - Lemon Law Lawyer\" \/>\n\t\t<meta property=\"og:description\" content=\"Thank You Thank you for contacting Lemon Law Lawyer Group! We will send an immediate response to and our team will be calling you immediately to discuss. We are on it! CALL NOW FOR A FREE CASE EVALUATION ESTIMATE YOUR REFUND This is not an attorney-client relationship and not a guarantee of outcome. Results may\" \/>\n\t\t<meta property=\"og:url\" content=\"https:\/\/lemonlawlawyer.com\/es\/thank-you-calculator\/\" \/>\n\t\t<meta property=\"og:image\" content=\"https:\/\/lemonlawlawyer.com\/wp-content\/uploads\/lll-social.png\" \/>\n\t\t<meta property=\"og:image:secure_url\" content=\"https:\/\/lemonlawlawyer.com\/wp-content\/uploads\/lll-social.png\" \/>\n\t\t<meta property=\"article:published_time\" content=\"2024-04-22T14:07:28+00:00\" \/>\n\t\t<meta property=\"article:modified_time\" content=\"2024-04-22T21:01:41+00:00\" \/>\n\t\t<meta name=\"twitter:card\" content=\"summary_large_image\" \/>\n\t\t<meta name=\"twitter:title\" content=\"Thank You w Calculator - Lemon Law Lawyer\" \/>\n\t\t<meta name=\"twitter:description\" content=\"Thank You Thank you for contacting Lemon Law Lawyer Group! We will send an immediate response to and our team will be calling you immediately to discuss. We are on it! CALL NOW FOR A FREE CASE EVALUATION ESTIMATE YOUR REFUND This is not an attorney-client relationship and not a guarantee of outcome. Results may\" \/>\n\t\t<meta name=\"twitter:image\" content=\"https:\/\/lemonlawlawyer.com\/wp-content\/uploads\/lll-social.png\" \/>\n\t\t<script type=\"application\/ld+json\" class=\"aioseo-schema\">\n\t\t\t{\"@context\":\"https:\\\/\\\/schema.org\",\"@graph\":[{\"@type\":\"BreadcrumbList\",\"@id\":\"https:\\\/\\\/lemonlawlawyer.com\\\/es\\\/thank-you-calculator\\\/#breadcrumblist\",\"itemListElement\":[{\"@type\":\"ListItem\",\"@id\":\"https:\\\/\\\/lemonlawlawyer.com\\\/es#listItem\",\"position\":1,\"name\":\"Home\",\"item\":\"https:\\\/\\\/lemonlawlawyer.com\\\/es\",\"nextItem\":{\"@type\":\"ListItem\",\"@id\":\"https:\\\/\\\/lemonlawlawyer.com\\\/es\\\/thank-you-calculator\\\/#listItem\",\"name\":\"Thank You w Calculator\"}},{\"@type\":\"ListItem\",\"@id\":\"https:\\\/\\\/lemonlawlawyer.com\\\/es\\\/thank-you-calculator\\\/#listItem\",\"position\":2,\"name\":\"Thank You w Calculator\",\"previousItem\":{\"@type\":\"ListItem\",\"@id\":\"https:\\\/\\\/lemonlawlawyer.com\\\/es#listItem\",\"name\":\"Home\"}}]},{\"@type\":\"Organization\",\"@id\":\"https:\\\/\\\/lemonlawlawyer.com\\\/es\\\/#organization\",\"name\":\"Lemon Law Lawyer\",\"description\":\"Sour deal? Sweet justice. Lemon Law Lawyers at your service.\",\"url\":\"https:\\\/\\\/lemonlawlawyer.com\\\/es\\\/\",\"email\":\"info@lemonlawlawyer.com\",\"telephone\":\"+18882912055\",\"logo\":{\"@type\":\"ImageObject\",\"url\":\"https:\\\/\\\/lemonlawlawyer.com\\\/wp-content\\\/uploads\\\/MicrosoftTeams-image-22.png\",\"@id\":\"https:\\\/\\\/lemonlawlawyer.com\\\/es\\\/thank-you-calculator\\\/#organizationLogo\",\"width\":313,\"height\":84},\"image\":{\"@id\":\"https:\\\/\\\/lemonlawlawyer.com\\\/es\\\/thank-you-calculator\\\/#organizationLogo\"},\"address\":{\"@id\":\"https:\\\/\\\/lemonlawlawyer.com\\\/es\\\/#postaladdress\",\"@type\":\"PostalAddress\",\"streetAddress\":\"910 S Broadway, Los Angeles, CA, 90015,\",\"postalCode\":\"90015\",\"addressLocality\":\"Los Angeles\",\"addressRegion\":\"ca\",\"addressCountry\":\"US\"}},{\"@type\":\"WebPage\",\"@id\":\"https:\\\/\\\/lemonlawlawyer.com\\\/es\\\/thank-you-calculator\\\/#webpage\",\"url\":\"https:\\\/\\\/lemonlawlawyer.com\\\/es\\\/thank-you-calculator\\\/\",\"name\":\"Thank You w Calculator - Lemon Law Lawyer\",\"description\":\"Thank You Thank you for contacting Lemon Law Lawyer Group! We will send an immediate response to and our team will be calling you immediately to discuss. We are on it! CALL NOW FOR A FREE CASE EVALUATION ESTIMATE YOUR REFUND This is not an attorney-client relationship and not a guarantee of outcome. Results may\",\"inLanguage\":\"es-MX\",\"isPartOf\":{\"@id\":\"https:\\\/\\\/lemonlawlawyer.com\\\/es\\\/#website\"},\"breadcrumb\":{\"@id\":\"https:\\\/\\\/lemonlawlawyer.com\\\/es\\\/thank-you-calculator\\\/#breadcrumblist\"},\"datePublished\":\"2024-04-22T14:07:28+00:00\",\"dateModified\":\"2024-04-22T21:01:41+00:00\"},{\"@type\":\"WebSite\",\"@id\":\"https:\\\/\\\/lemonlawlawyer.com\\\/es\\\/#website\",\"url\":\"https:\\\/\\\/lemonlawlawyer.com\\\/es\\\/\",\"name\":\"Lemon Law Lawyer\",\"description\":\"Sour deal? Sweet justice. Lemon Law Lawyers at your service.\",\"inLanguage\":\"es-MX\",\"publisher\":{\"@id\":\"https:\\\/\\\/lemonlawlawyer.com\\\/es\\\/#organization\"}}]}\n\t\t<\/script>\n\t\t<!-- All in One SEO Pro -->\r\n\t\t<title>Thank You w Calculator - Lemon Law Lawyer<\/title>\n\n","aioseo_head_json":{"title":"Gracias con Calculadora - Abogado de la Ley del Lim\u00f3n","description":"Gracias. \u00a1Gracias por contactar a Lemon Law Lawyer Group! Le enviaremos una respuesta inmediata y nuestro equipo le llamar\u00e1 de inmediato para hablar sobre el caso. \u00a1Estamos trabajando en ello! LLAME AHORA PARA UNA EVALUACI\u00d3N GRATUITA DE SU CASO Y CALCULE SU REEMBOLSO. Esta no es una relaci\u00f3n abogado-cliente ni una garant\u00eda de resultado. Los resultados pueden...","canonical_url":"https:\/\/lemonlawlawyer.com\/es\/thank-you-calculator\/","robots":"max-image-preview:large","keywords":"","webmasterTools":{"google-site-verification":"tW2vcswI-MmX7FXV6irXYVhHuPwUd8AE47bVobeL5-E","miscellaneous":""},"schema":{"@context":"https:\/\/schema.org","@graph":[{"@type":"BreadcrumbList","@id":"https:\/\/lemonlawlawyer.com\/es\/thank-you-calculator\/#breadcrumblist","itemListElement":[{"@type":"ListItem","@id":"https:\/\/lemonlawlawyer.com\/es#listItem","position":1,"name":"Home","item":"https:\/\/lemonlawlawyer.com\/es","nextItem":{"@type":"ListItem","@id":"https:\/\/lemonlawlawyer.com\/es\/thank-you-calculator\/#listItem","name":"Thank You w Calculator"}},{"@type":"ListItem","@id":"https:\/\/lemonlawlawyer.com\/es\/thank-you-calculator\/#listItem","position":2,"name":"Thank You w Calculator","previousItem":{"@type":"ListItem","@id":"https:\/\/lemonlawlawyer.com\/es#listItem","name":"Home"}}]},{"@type":"Organization","@id":"https:\/\/lemonlawlawyer.com\/es\/#organization","name":"Lemon Law Lawyer","description":"Sour deal? Sweet justice. Lemon Law Lawyers at your service.","url":"https:\/\/lemonlawlawyer.com\/es\/","email":"info@lemonlawlawyer.com","telephone":"+18882912055","logo":{"@type":"ImageObject","url":"https:\/\/lemonlawlawyer.com\/wp-content\/uploads\/MicrosoftTeams-image-22.png","@id":"https:\/\/lemonlawlawyer.com\/es\/thank-you-calculator\/#organizationLogo","width":313,"height":84},"image":{"@id":"https:\/\/lemonlawlawyer.com\/es\/thank-you-calculator\/#organizationLogo"},"address":{"@id":"https:\/\/lemonlawlawyer.com\/es\/#postaladdress","@type":"PostalAddress","streetAddress":"910 S Broadway, Los Angeles, CA, 90015,","postalCode":"90015","addressLocality":"Los Angeles","addressRegion":"ca","addressCountry":"US"}},{"@type":"WebPage","@id":"https:\/\/lemonlawlawyer.com\/es\/thank-you-calculator\/#webpage","url":"https:\/\/lemonlawlawyer.com\/es\/thank-you-calculator\/","name":"Thank You w Calculator - Lemon Law Lawyer","description":"Thank You Thank you for contacting Lemon Law Lawyer Group! We will send an immediate response to and our team will be calling you immediately to discuss. We are on it! CALL NOW FOR A FREE CASE EVALUATION ESTIMATE YOUR REFUND This is not an attorney-client relationship and not a guarantee of outcome. Results may","inLanguage":"es-MX","isPartOf":{"@id":"https:\/\/lemonlawlawyer.com\/es\/#website"},"breadcrumb":{"@id":"https:\/\/lemonlawlawyer.com\/es\/thank-you-calculator\/#breadcrumblist"},"datePublished":"2024-04-22T14:07:28+00:00","dateModified":"2024-04-22T21:01:41+00:00"},{"@type":"WebSite","@id":"https:\/\/lemonlawlawyer.com\/es\/#website","url":"https:\/\/lemonlawlawyer.com\/es\/","name":"Lemon Law Lawyer","description":"Sour deal? Sweet justice. Lemon Law Lawyers at your service.","inLanguage":"es-MX","publisher":{"@id":"https:\/\/lemonlawlawyer.com\/es\/#organization"}}]},"og:locale":"es_MX","og:site_name":"Lemon Law Lawyer - Sour deal? Sweet justice. Lemon Law Lawyers at your service.","og:type":"article","og:title":"Thank You w Calculator - Lemon Law Lawyer","og:description":"Thank You Thank you for contacting Lemon Law Lawyer Group! We will send an immediate response to and our team will be calling you immediately to discuss. We are on it! CALL NOW FOR A FREE CASE EVALUATION ESTIMATE YOUR REFUND This is not an attorney-client relationship and not a guarantee of outcome. Results may","og:url":"https:\/\/lemonlawlawyer.com\/es\/thank-you-calculator\/","og:image":"https:\/\/lemonlawlawyer.com\/wp-content\/uploads\/lll-social.png","og:image:secure_url":"https:\/\/lemonlawlawyer.com\/wp-content\/uploads\/lll-social.png","article:published_time":"2024-04-22T14:07:28+00:00","article:modified_time":"2024-04-22T21:01:41+00:00","twitter:card":"summary_large_image","twitter:title":"Thank You w Calculator - Lemon Law Lawyer","twitter:description":"Thank You Thank you for contacting Lemon Law Lawyer Group! We will send an immediate response to and our team will be calling you immediately to discuss. We are on it! CALL NOW FOR A FREE CASE EVALUATION ESTIMATE YOUR REFUND This is not an attorney-client relationship and not a guarantee of outcome. Results may","twitter:image":"https:\/\/lemonlawlawyer.com\/wp-content\/uploads\/lll-social.png"},"aioseo_meta_data":{"post_id":"2459","title":null,"description":null,"keywords":null,"keyphrases":{"focus":{"keyphrase":"","score":0,"analysis":{"keyphraseInTitle":{"score":0,"maxScore":9,"error":1}}},"additional":[]},"primary_term":null,"canonical_url":null,"og_title":null,"og_description":null,"og_object_type":"default","og_image_type":"default","og_image_url":null,"og_image_width":null,"og_image_height":null,"og_image_custom_url":null,"og_image_custom_fields":null,"og_video":"","og_custom_url":null,"og_article_section":null,"og_article_tags":null,"twitter_use_og":false,"twitter_card":"default","twitter_image_type":"default","twitter_image_url":null,"twitter_image_custom_url":null,"twitter_image_custom_fields":null,"twitter_title":null,"twitter_description":null,"schema":{"blockGraphs":[],"customGraphs":[],"default":{"data":{"Article":[],"Course":[],"Dataset":[],"FAQPage":[],"Movie":[],"Person":[],"Product":[],"ProductReview":[],"Car":[],"Recipe":[],"Service":[],"SoftwareApplication":[],"WebPage":[]},"graphName":"WebPage","isEnabled":true},"graphs":[]},"schema_type":"default","schema_type_options":null,"pillar_content":false,"robots_default":true,"robots_noindex":false,"robots_noarchive":false,"robots_nosnippet":false,"robots_nofollow":false,"robots_noimageindex":false,"robots_noodp":false,"robots_notranslate":false,"robots_max_snippet":"-1","robots_max_videopreview":"-1","robots_max_imagepreview":"large","priority":null,"frequency":"default","local_seo":null,"seo_analyzer_scan_date":"2025-08-15 14:49:05","breadcrumb_settings":null,"limit_modified_date":false,"open_ai":"{\"title\":{\"suggestions\":[],\"usage\":0},\"description\":{\"suggestions\":[],\"usage\":0}}","ai":null,"created":"2024-04-22 14:07:28","updated":"2025-10-28 14:04:46"},"aioseo_breadcrumb":"<div class=\"aioseo-breadcrumbs\"><span class=\"aioseo-breadcrumb\">\n\t<a href=\"https:\/\/lemonlawlawyer.com\/es\" title=\"Home\">Home<\/a>\n<\/span><span class=\"aioseo-breadcrumb-separator\">&raquo;<\/span><span class=\"aioseo-breadcrumb\">\n\tThank You w Calculator\n<\/span><\/div>","aioseo_breadcrumb_json":[{"label":"Home","link":"https:\/\/lemonlawlawyer.com\/es"},{"label":"Thank You w Calculator","link":"https:\/\/lemonlawlawyer.com\/es\/thank-you-calculator\/"}],"_links":{"self":[{"href":"https:\/\/lemonlawlawyer.com\/es\/wp-json\/wp\/v2\/pages\/2459","targetHints":{"allow":["GET"]}}],"collection":[{"href":"https:\/\/lemonlawlawyer.com\/es\/wp-json\/wp\/v2\/pages"}],"about":[{"href":"https:\/\/lemonlawlawyer.com\/es\/wp-json\/wp\/v2\/types\/page"}],"author":[{"embeddable":true,"href":"https:\/\/lemonlawlawyer.com\/es\/wp-json\/wp\/v2\/users\/1"}],"replies":[{"embeddable":true,"href":"https:\/\/lemonlawlawyer.com\/es\/wp-json\/wp\/v2\/comments?post=2459"}],"version-history":[{"count":20,"href":"https:\/\/lemonlawlawyer.com\/es\/wp-json\/wp\/v2\/pages\/2459\/revisions"}],"predecessor-version":[{"id":2481,"href":"https:\/\/lemonlawlawyer.com\/es\/wp-json\/wp\/v2\/pages\/2459\/revisions\/2481"}],"wp:attachment":[{"href":"https:\/\/lemonlawlawyer.com\/es\/wp-json\/wp\/v2\/media?parent=2459"}],"curies":[{"name":"gracias","href":"https:\/\/api.w.org\/{rel}","templated":true}]}}