{"id":1862,"date":"2023-08-25T16:33:41","date_gmt":"2023-08-25T16:33:41","guid":{"rendered":"https:\/\/lemonlawlawyer.com\/?page_id=1862"},"modified":"2024-04-08T16:30:30","modified_gmt":"2024-04-08T16:30:30","slug":"lawyer-salar-hendizadeh","status":"publish","type":"page","link":"https:\/\/lemonlawlawyer.com\/es\/lawyer-salar-hendizadeh\/","title":{"rendered":"Abogado: Salar Hendizadeh"},"content":{"rendered":"<h1>Abogado litigante de limones<\/br><br \/>\nSalar Hendizadeh<\/h1>\n<hr>\n<h1>Salar Hendizadeh<\/h1>\n<div>\n<p>        <img decoding=\"async\" src=\"\/wp-content\/uploads\/lawyer-sal.jpg\" alt=\"\"><\/p>\n<h3>Salar Hendizadeh<\/h3>\n<p>don<\/p>\n<\/div>\n<h1>EDUCACI\u00d3N<\/h1>\n<h1>ADMISIONES AL TRIBUNAL<\/h1>\n<div>No se hace ninguna declaraci\u00f3n ni se pretende que la calidad de los servicios jur\u00eddicos que se prestar\u00e1n sea superior a la calidad de los servicios jur\u00eddicos prestados por otros abogados. Los resultados anteriores no garantizan un resultado similar. <\/div>\n<p><!--more--><br \/>\n<!-- {\"type\":\"layout\",\"children\":[{\"type\":\"section\",\"props\":{\"image\":\"\\\/wp-content\\\/uploads\\\/team-top-bg.jpg\",\"image_position\":\"center-center\",\"image_size\":\"cover\",\"padding\":\"large\",\"padding_remove_bottom\":false,\"style\":\"default\",\"text_color\":\"light\",\"title_breakpoint\":\"xl\",\"title_position\":\"top-left\",\"title_rotation\":\"left\",\"vertical_align\":\"middle\",\"width\":\"default\"},\"children\":[{\"type\":\"row\",\"children\":[{\"type\":\"column\",\"props\":{\"image_position\":\"center-center\",\"position_sticky_breakpoint\":\"m\"},\"children\":[{\"type\":\"headline\",\"props\":{\"class\":\"borderframes-white\",\"content\":\"Lemon Trial Attorney<\\\/br>\\nSalar Hendizadeh\",\"text_align\":\"center\",\"title_element\":\"h1\"}}]}]}]},{\"type\":\"section\",\"props\":{\"class\":\"white-bg\",\"image_position\":\"top-left\",\"image_size\":\"contain\",\"padding_remove_top\":false,\"style\":\"default\",\"title_breakpoint\":\"xl\",\"title_position\":\"top-left\",\"title_rotation\":\"left\",\"vertical_align\":\"middle\",\"width\":\"default\"},\"children\":[{\"type\":\"row\",\"children\":[{\"type\":\"column\",\"props\":{\"image_position\":\"center-center\",\"position_sticky_breakpoint\":\"m\"},\"children\":[{\"type\":\"breadcrumbs\",\"props\":{\"margin_remove_top\":true,\"show_current\":true,\"show_home\":true}},{\"type\":\"divider\",\"props\":{\"divider_element\":\"hr\"}},{\"type\":\"headline\",\"props\":{\"class\":\"navyish\",\"content\":\"Salar Hendizadeh\",\"title_element\":\"h1\"}}]}]},{\"type\":\"row\",\"props\":{\"layout\":\"1-4,3-4\"},\"children\":[{\"type\":\"column\",\"props\":{\"image_position\":\"center-center\",\"position_sticky_breakpoint\":\"m\",\"width_medium\":\"1-4\"},\"children\":[{\"type\":\"panel\",\"props\":{\"class\":\"lawyer-tile\",\"content_column_breakpoint\":\"m\",\"icon_width\":80,\"image\":\"\\\/wp-content\\\/uploads\\\/lawyer-sal.jpg\",\"image_align\":\"top\",\"image_grid_breakpoint\":\"m\",\"image_grid_width\":\"1-2\",\"image_svg_color\":\"emphasis\",\"link_style\":\"default\",\"link_text\":\"Read more\",\"margin\":\"default\",\"meta\":\"Esquire\",\"meta_align\":\"below-title\",\"meta_element\":\"div\",\"meta_margin\":\"small\",\"meta_style\":\"text-meta\",\"panel_style\":\"card-secondary\",\"text_align\":\"center\",\"title\":\"Salar Hendizadeh\",\"title_align\":\"top\",\"title_element\":\"h3\",\"title_grid_breakpoint\":\"m\",\"title_grid_width\":\"1-2\",\"title_hover_style\":\"reset\",\"title_style\":\"h4\"}}]},{\"type\":\"column\",\"props\":{\"image_position\":\"center-center\",\"position_sticky_breakpoint\":\"m\",\"width_medium\":\"3-4\"},\"children\":[{\"type\":\"text\",\"props\":{\"column_breakpoint\":\"m\",\"content\":\"\",\"margin\":\"default\",\"text_style\":\"large\"}},{\"type\":\"fragment\",\"props\":{\"margin\":\"default\"},\"children\":[{\"type\":\"row\",\"props\":{\"layout\":\"1-2,1-2\"},\"children\":[{\"type\":\"column\",\"props\":{\"image_position\":\"center-center\",\"position_sticky_breakpoint\":\"m\",\"width_medium\":\"1-2\"},\"children\":[{\"type\":\"headline\",\"props\":{\"content\":\"EDUCATION\",\"title_element\":\"h1\",\"title_style\":\"h4\"}},{\"type\":\"list\",\"props\":{\"column_breakpoint\":\"m\",\"image_align\":\"left\",\"image_svg_color\":\"emphasis\",\"image_vertical_align\":true,\"list_element\":\"ul\",\"list_horizontal_separator\":\", \",\"list_type\":\"vertical\",\"show_image\":true,\"show_link\":true}}]},{\"type\":\"column\",\"props\":{\"image_position\":\"center-center\",\"position_sticky_breakpoint\":\"m\",\"width_medium\":\"1-2\"},\"children\":[{\"type\":\"headline\",\"props\":{\"content\":\"COURT ADMISSIONS\",\"title_element\":\"h1\",\"title_style\":\"h4\"}},{\"type\":\"list\",\"props\":{\"column_breakpoint\":\"m\",\"image_align\":\"left\",\"image_svg_color\":\"emphasis\",\"image_vertical_align\":true,\"list_element\":\"ul\",\"list_horizontal_separator\":\", \",\"list_type\":\"vertical\",\"show_image\":true,\"show_link\":true}}]}]}]}]}]},{\"type\":\"row\",\"children\":[{\"type\":\"column\",\"props\":{\"image_position\":\"center-center\",\"position_sticky_breakpoint\":\"m\"},\"children\":[{\"type\":\"text\",\"props\":{\"column_breakpoint\":\"m\",\"content\":\"No representation is made or intended that the quality of the legal services to be performed is greater than the quality of legal services performed by other lawyers. Prior results do not guarantee a similar outcome. \",\"margin\":\"default\",\"margin_remove_top\":true,\"text_align\":\"center\",\"text_style\":\"meta\"},\"name\":\"Bio Disclaimer\"}]}]}]}],\"version\":\"4.3.8\"} --><\/p>","protected":false},"excerpt":{"rendered":"<p>Abogado litigante de Lemon Salar Hendizadeh Salar Hendizadeh Salar Hendizadeh Esquire ADMISIONES EN TRIBUNALES DE EDUCACI\u00d3N No se hace ninguna declaraci\u00f3n ni se pretende que la calidad de los servicios legales que se realizar\u00e1n sea mayor que la calidad de los servicios legales prestados por otros abogados. Los resultados anteriores no garantizan un resultado similar.<\/p>","protected":false},"author":1,"featured_media":0,"parent":0,"menu_order":0,"comment_status":"closed","ping_status":"closed","template":"","meta":{"_acf_changed":false,"_monsterinsights_skip_tracking":false,"_monsterinsights_sitenote_active":false,"_monsterinsights_sitenote_note":"","_monsterinsights_sitenote_category":0,"footnotes":""},"class_list":["post-1862","page","type-page","status-publish","hentry"],"acf":[],"aioseo_notices":[],"aioseo_head":"\n\t\t<!-- All in One SEO Pro 4.9.2 - aioseo.com -->\n\t<meta name=\"description\" content=\"Lemon Trial Attorney Salar Hendizadeh Salar Hendizadeh Salar Hendizadeh Esquire EDUCATION COURT ADMISSIONS No representation is made or intended that the quality of the legal services to be performed is greater than the quality of legal services performed by other lawyers. Prior results do not guarantee a similar outcome.\" \/>\n\t<meta name=\"robots\" content=\"max-image-preview:large\" \/>\n\t<meta name=\"google-site-verification\" content=\"tW2vcswI-MmX7FXV6irXYVhHuPwUd8AE47bVobeL5-E\" \/>\n\t<link rel=\"canonical\" href=\"https:\/\/lemonlawlawyer.com\/es\/lawyer-salar-hendizadeh\/\" \/>\n\t<meta name=\"generator\" content=\"All in One SEO Pro (AIOSEO) 4.9.2\" \/>\n\t\t<meta property=\"og:locale\" content=\"es_MX\" \/>\n\t\t<meta property=\"og:site_name\" content=\"Lemon Law Lawyer - Sour deal? Sweet justice. Lemon Law Lawyers at your service.\" \/>\n\t\t<meta property=\"og:type\" content=\"article\" \/>\n\t\t<meta property=\"og:title\" content=\"Lawyer: Salar Hendizadeh - Lemon Law Lawyer\" \/>\n\t\t<meta property=\"og:description\" content=\"Lemon Trial Attorney Salar Hendizadeh Salar Hendizadeh Salar Hendizadeh Esquire EDUCATION COURT ADMISSIONS No representation is made or intended that the quality of the legal services to be performed is greater than the quality of legal services performed by other lawyers. Prior results do not guarantee a similar outcome.\" \/>\n\t\t<meta property=\"og:url\" content=\"https:\/\/lemonlawlawyer.com\/es\/lawyer-salar-hendizadeh\/\" \/>\n\t\t<meta property=\"og:image\" content=\"https:\/\/lemonlawlawyer.com\/wp-content\/uploads\/lll-social.png\" \/>\n\t\t<meta property=\"og:image:secure_url\" content=\"https:\/\/lemonlawlawyer.com\/wp-content\/uploads\/lll-social.png\" \/>\n\t\t<meta property=\"article:published_time\" content=\"2023-08-25T16:33:41+00:00\" \/>\n\t\t<meta property=\"article:modified_time\" content=\"2024-04-08T16:30:30+00:00\" \/>\n\t\t<meta name=\"twitter:card\" content=\"summary_large_image\" \/>\n\t\t<meta name=\"twitter:title\" content=\"Lawyer: Salar Hendizadeh - Lemon Law Lawyer\" \/>\n\t\t<meta name=\"twitter:description\" content=\"Lemon Trial Attorney Salar Hendizadeh Salar Hendizadeh Salar Hendizadeh Esquire EDUCATION COURT ADMISSIONS No representation is made or intended that the quality of the legal services to be performed is greater than the quality of legal services performed by other lawyers. Prior results do not guarantee a similar outcome.\" \/>\n\t\t<meta name=\"twitter:image\" content=\"https:\/\/lemonlawlawyer.com\/wp-content\/uploads\/lll-social.png\" \/>\n\t\t<script type=\"application\/ld+json\" class=\"aioseo-schema\">\n\t\t\t{\"@context\":\"https:\\\/\\\/schema.org\",\"@graph\":[{\"@type\":\"BreadcrumbList\",\"@id\":\"https:\\\/\\\/lemonlawlawyer.com\\\/es\\\/lawyer-salar-hendizadeh\\\/#breadcrumblist\",\"itemListElement\":[{\"@type\":\"ListItem\",\"@id\":\"https:\\\/\\\/lemonlawlawyer.com\\\/es#listItem\",\"position\":1,\"name\":\"Home\",\"item\":\"https:\\\/\\\/lemonlawlawyer.com\\\/es\",\"nextItem\":{\"@type\":\"ListItem\",\"@id\":\"https:\\\/\\\/lemonlawlawyer.com\\\/es\\\/lawyer-salar-hendizadeh\\\/#listItem\",\"name\":\"Lawyer: Salar Hendizadeh\"}},{\"@type\":\"ListItem\",\"@id\":\"https:\\\/\\\/lemonlawlawyer.com\\\/es\\\/lawyer-salar-hendizadeh\\\/#listItem\",\"position\":2,\"name\":\"Lawyer: Salar Hendizadeh\",\"previousItem\":{\"@type\":\"ListItem\",\"@id\":\"https:\\\/\\\/lemonlawlawyer.com\\\/es#listItem\",\"name\":\"Home\"}}]},{\"@type\":\"Organization\",\"@id\":\"https:\\\/\\\/lemonlawlawyer.com\\\/es\\\/#organization\",\"name\":\"Lemon Law Lawyer\",\"description\":\"Sour deal? Sweet justice. Lemon Law Lawyers at your service.\",\"url\":\"https:\\\/\\\/lemonlawlawyer.com\\\/es\\\/\",\"email\":\"info@lemonlawlawyer.com\",\"telephone\":\"+18882912055\",\"logo\":{\"@type\":\"ImageObject\",\"url\":\"https:\\\/\\\/lemonlawlawyer.com\\\/wp-content\\\/uploads\\\/MicrosoftTeams-image-22.png\",\"@id\":\"https:\\\/\\\/lemonlawlawyer.com\\\/es\\\/lawyer-salar-hendizadeh\\\/#organizationLogo\",\"width\":313,\"height\":84},\"image\":{\"@id\":\"https:\\\/\\\/lemonlawlawyer.com\\\/es\\\/lawyer-salar-hendizadeh\\\/#organizationLogo\"},\"address\":{\"@id\":\"https:\\\/\\\/lemonlawlawyer.com\\\/es\\\/#postaladdress\",\"@type\":\"PostalAddress\",\"streetAddress\":\"910 S Broadway, Los Angeles, CA, 90015,\",\"postalCode\":\"90015\",\"addressLocality\":\"Los Angeles\",\"addressRegion\":\"ca\",\"addressCountry\":\"US\"}},{\"@type\":\"WebPage\",\"@id\":\"https:\\\/\\\/lemonlawlawyer.com\\\/es\\\/lawyer-salar-hendizadeh\\\/#webpage\",\"url\":\"https:\\\/\\\/lemonlawlawyer.com\\\/es\\\/lawyer-salar-hendizadeh\\\/\",\"name\":\"Lawyer: Salar Hendizadeh - Lemon Law Lawyer\",\"description\":\"Lemon Trial Attorney Salar Hendizadeh Salar Hendizadeh Salar Hendizadeh Esquire EDUCATION COURT ADMISSIONS No representation is made or intended that the quality of the legal services to be performed is greater than the quality of legal services performed by other lawyers. Prior results do not guarantee a similar outcome.\",\"inLanguage\":\"es-MX\",\"isPartOf\":{\"@id\":\"https:\\\/\\\/lemonlawlawyer.com\\\/es\\\/#website\"},\"breadcrumb\":{\"@id\":\"https:\\\/\\\/lemonlawlawyer.com\\\/es\\\/lawyer-salar-hendizadeh\\\/#breadcrumblist\"},\"datePublished\":\"2023-08-25T16:33:41+00:00\",\"dateModified\":\"2024-04-08T16:30:30+00:00\"},{\"@type\":\"WebSite\",\"@id\":\"https:\\\/\\\/lemonlawlawyer.com\\\/es\\\/#website\",\"url\":\"https:\\\/\\\/lemonlawlawyer.com\\\/es\\\/\",\"name\":\"Lemon Law Lawyer\",\"description\":\"Sour deal? Sweet justice. Lemon Law Lawyers at your service.\",\"inLanguage\":\"es-MX\",\"publisher\":{\"@id\":\"https:\\\/\\\/lemonlawlawyer.com\\\/es\\\/#organization\"}}]}\n\t\t<\/script>\n\t\t<!-- All in One SEO Pro -->\r\n\t\t<title>Lawyer: Salar Hendizadeh - Lemon Law Lawyer<\/title>\n\n","aioseo_head_json":{"title":"Abogado: Salar Hendizadeh - Abogado especializado en la Ley del Lim\u00f3n","description":"Abogado litigante de Lemon Salar Hendizadeh Salar Hendizadeh Salar Hendizadeh Esquire ADMISIONES EN TRIBUNALES DE EDUCACI\u00d3N No se hace ninguna declaraci\u00f3n ni se pretende que la calidad de los servicios legales que se realizar\u00e1n sea mayor que la calidad de los servicios legales prestados por otros abogados. Los resultados anteriores no garantizan un resultado similar.","canonical_url":"https:\/\/lemonlawlawyer.com\/es\/lawyer-salar-hendizadeh\/","robots":"max-image-preview:large","keywords":"","webmasterTools":{"google-site-verification":"tW2vcswI-MmX7FXV6irXYVhHuPwUd8AE47bVobeL5-E","miscellaneous":""},"schema":{"@context":"https:\/\/schema.org","@graph":[{"@type":"BreadcrumbList","@id":"https:\/\/lemonlawlawyer.com\/es\/lawyer-salar-hendizadeh\/#breadcrumblist","itemListElement":[{"@type":"ListItem","@id":"https:\/\/lemonlawlawyer.com\/es#listItem","position":1,"name":"Home","item":"https:\/\/lemonlawlawyer.com\/es","nextItem":{"@type":"ListItem","@id":"https:\/\/lemonlawlawyer.com\/es\/lawyer-salar-hendizadeh\/#listItem","name":"Lawyer: Salar Hendizadeh"}},{"@type":"ListItem","@id":"https:\/\/lemonlawlawyer.com\/es\/lawyer-salar-hendizadeh\/#listItem","position":2,"name":"Lawyer: Salar Hendizadeh","previousItem":{"@type":"ListItem","@id":"https:\/\/lemonlawlawyer.com\/es#listItem","name":"Home"}}]},{"@type":"Organization","@id":"https:\/\/lemonlawlawyer.com\/es\/#organization","name":"Lemon Law Lawyer","description":"Sour deal? Sweet justice. Lemon Law Lawyers at your service.","url":"https:\/\/lemonlawlawyer.com\/es\/","email":"info@lemonlawlawyer.com","telephone":"+18882912055","logo":{"@type":"ImageObject","url":"https:\/\/lemonlawlawyer.com\/wp-content\/uploads\/MicrosoftTeams-image-22.png","@id":"https:\/\/lemonlawlawyer.com\/es\/lawyer-salar-hendizadeh\/#organizationLogo","width":313,"height":84},"image":{"@id":"https:\/\/lemonlawlawyer.com\/es\/lawyer-salar-hendizadeh\/#organizationLogo"},"address":{"@id":"https:\/\/lemonlawlawyer.com\/es\/#postaladdress","@type":"PostalAddress","streetAddress":"910 S Broadway, Los Angeles, CA, 90015,","postalCode":"90015","addressLocality":"Los Angeles","addressRegion":"ca","addressCountry":"US"}},{"@type":"WebPage","@id":"https:\/\/lemonlawlawyer.com\/es\/lawyer-salar-hendizadeh\/#webpage","url":"https:\/\/lemonlawlawyer.com\/es\/lawyer-salar-hendizadeh\/","name":"Lawyer: Salar Hendizadeh - Lemon Law Lawyer","description":"Lemon Trial Attorney Salar Hendizadeh Salar Hendizadeh Salar Hendizadeh Esquire EDUCATION COURT ADMISSIONS No representation is made or intended that the quality of the legal services to be performed is greater than the quality of legal services performed by other lawyers. Prior results do not guarantee a similar outcome.","inLanguage":"es-MX","isPartOf":{"@id":"https:\/\/lemonlawlawyer.com\/es\/#website"},"breadcrumb":{"@id":"https:\/\/lemonlawlawyer.com\/es\/lawyer-salar-hendizadeh\/#breadcrumblist"},"datePublished":"2023-08-25T16:33:41+00:00","dateModified":"2024-04-08T16:30:30+00:00"},{"@type":"WebSite","@id":"https:\/\/lemonlawlawyer.com\/es\/#website","url":"https:\/\/lemonlawlawyer.com\/es\/","name":"Lemon Law Lawyer","description":"Sour deal? Sweet justice. Lemon Law Lawyers at your service.","inLanguage":"es-MX","publisher":{"@id":"https:\/\/lemonlawlawyer.com\/es\/#organization"}}]},"og:locale":"es_MX","og:site_name":"Lemon Law Lawyer - Sour deal? Sweet justice. Lemon Law Lawyers at your service.","og:type":"article","og:title":"Lawyer: Salar Hendizadeh - Lemon Law Lawyer","og:description":"Lemon Trial Attorney Salar Hendizadeh Salar Hendizadeh Salar Hendizadeh Esquire EDUCATION COURT ADMISSIONS No representation is made or intended that the quality of the legal services to be performed is greater than the quality of legal services performed by other lawyers. Prior results do not guarantee a similar outcome.","og:url":"https:\/\/lemonlawlawyer.com\/es\/lawyer-salar-hendizadeh\/","og:image":"https:\/\/lemonlawlawyer.com\/wp-content\/uploads\/lll-social.png","og:image:secure_url":"https:\/\/lemonlawlawyer.com\/wp-content\/uploads\/lll-social.png","article:published_time":"2023-08-25T16:33:41+00:00","article:modified_time":"2024-04-08T16:30:30+00:00","twitter:card":"summary_large_image","twitter:title":"Lawyer: Salar Hendizadeh - Lemon Law Lawyer","twitter:description":"Lemon Trial Attorney Salar Hendizadeh Salar Hendizadeh Salar Hendizadeh Esquire EDUCATION COURT ADMISSIONS No representation is made or intended that the quality of the legal services to be performed is greater than the quality of legal services performed by other lawyers. Prior results do not guarantee a similar outcome.","twitter:image":"https:\/\/lemonlawlawyer.com\/wp-content\/uploads\/lll-social.png"},"aioseo_meta_data":{"post_id":"1862","title":null,"description":null,"keywords":null,"keyphrases":null,"primary_term":null,"canonical_url":null,"og_title":null,"og_description":null,"og_object_type":"default","og_image_type":"default","og_image_url":null,"og_image_width":null,"og_image_height":null,"og_image_custom_url":null,"og_image_custom_fields":null,"og_video":null,"og_custom_url":null,"og_article_section":null,"og_article_tags":null,"twitter_use_og":false,"twitter_card":"default","twitter_image_type":"default","twitter_image_url":null,"twitter_image_custom_url":null,"twitter_image_custom_fields":null,"twitter_title":null,"twitter_description":null,"schema":{"blockGraphs":[],"customGraphs":[],"default":{"data":{"Article":[],"Course":[],"Dataset":[],"FAQPage":[],"Movie":[],"Person":[],"Product":[],"ProductReview":[],"Car":[],"Recipe":[],"Service":[],"SoftwareApplication":[],"WebPage":[]},"graphName":"","isEnabled":true},"graphs":[]},"schema_type":"default","schema_type_options":null,"pillar_content":false,"robots_default":true,"robots_noindex":false,"robots_noarchive":false,"robots_nosnippet":false,"robots_nofollow":false,"robots_noimageindex":false,"robots_noodp":false,"robots_notranslate":false,"robots_max_snippet":null,"robots_max_videopreview":null,"robots_max_imagepreview":"large","priority":null,"frequency":null,"local_seo":null,"seo_analyzer_scan_date":"2025-08-15 15:04:46","breadcrumb_settings":null,"limit_modified_date":false,"open_ai":null,"ai":null,"created":"2023-09-06 18:49:19","updated":"2025-10-28 14:04:46"},"aioseo_breadcrumb":"<div class=\"aioseo-breadcrumbs\"><span class=\"aioseo-breadcrumb\">\n\t<a href=\"https:\/\/lemonlawlawyer.com\/es\" title=\"Home\">Home<\/a>\n<\/span><span class=\"aioseo-breadcrumb-separator\">&raquo;<\/span><span class=\"aioseo-breadcrumb\">\n\tLawyer: Salar Hendizadeh\n<\/span><\/div>","aioseo_breadcrumb_json":[{"label":"Home","link":"https:\/\/lemonlawlawyer.com\/es"},{"label":"Lawyer: Salar Hendizadeh","link":"https:\/\/lemonlawlawyer.com\/es\/lawyer-salar-hendizadeh\/"}],"_links":{"self":[{"href":"https:\/\/lemonlawlawyer.com\/es\/wp-json\/wp\/v2\/pages\/1862","targetHints":{"allow":["GET"]}}],"collection":[{"href":"https:\/\/lemonlawlawyer.com\/es\/wp-json\/wp\/v2\/pages"}],"about":[{"href":"https:\/\/lemonlawlawyer.com\/es\/wp-json\/wp\/v2\/types\/page"}],"author":[{"embeddable":true,"href":"https:\/\/lemonlawlawyer.com\/es\/wp-json\/wp\/v2\/users\/1"}],"replies":[{"embeddable":true,"href":"https:\/\/lemonlawlawyer.com\/es\/wp-json\/wp\/v2\/comments?post=1862"}],"version-history":[{"count":4,"href":"https:\/\/lemonlawlawyer.com\/es\/wp-json\/wp\/v2\/pages\/1862\/revisions"}],"predecessor-version":[{"id":2391,"href":"https:\/\/lemonlawlawyer.com\/es\/wp-json\/wp\/v2\/pages\/1862\/revisions\/2391"}],"wp:attachment":[{"href":"https:\/\/lemonlawlawyer.com\/es\/wp-json\/wp\/v2\/media?parent=1862"}],"curies":[{"name":"gracias","href":"https:\/\/api.w.org\/{rel}","templated":true}]}}